{"id":11,"date":"2018-12-07T20:15:08","date_gmt":"2018-12-07T19:15:08","guid":{"rendered":"http:\/\/frauenkompetenzzentrum.atomproductions.at\/?page_id=11"},"modified":"2018-12-17T19:23:12","modified_gmt":"2018-12-17T18:23:12","slug":"impressum","status":"publish","type":"page","link":"https:\/\/www.frauenkompetenz.at\/?page_id=11","title":{"rendered":"Impressum"},"content":{"rendered":"\n<h2 class=\"wp-block-heading\">Betreiber der Website<\/h2>\n\n\n\n<p>WOMEGLI Verwaltungs GmbH<br>Quellenweg 2<br>4501 Neuhofen\/Krems\u00a0<br><strong>Festnetz:<\/strong>\u00a0<a href=\"tel:+43%207227%61288\">07227 61 2 88<\/a>\u00a0<br><strong>Mail:<\/strong>\u00a0<a href=\"mailto:office@womegli.at\">office@womegli.at<\/a><\/p>\n\n\n\n<p><strong>Rechtsform:<\/strong>\u00a0GmbH<br><strong>Gesch\u00e4ftsf\u00fchrerIn\/InhaberIn:<\/strong>\u00a0Sonja Quereser (GF), Martin Quereser (GF)<br><strong>Unternehmensgr\u00fcndung:<\/strong>\u00a004.05.2018<br><strong>UID-Nummer:<\/strong>\u00a0ATU73359858<br><strong>Firmenbuchnummer:<\/strong>\u00a0FN 491206 m<br><strong>Aufsichtsbeh\u00f6rde:<\/strong>\u00a0BH Linz Land<\/p>\n\n\n\n<h2 class=\"wp-block-heading\">Allgemeine Nutzungsbedingungen<\/h2>\n\n\n\n<h4 class=\"wp-block-heading\">1. Haftungsausschluss<\/h4>\n\n\n\n<p>Obwohl die Seiten mit gr\u00f6\u00dfter Sorgfalt erstellt wurden, kann keine Gew\u00e4hr f\u00fcr die Richtigkeit, Vollst\u00e4ndigkeit und Aktualit\u00e4t der bereitgestellten Informationen \u00fcbernommen werden. Der Betreiber der Website bem\u00fcht sich darum, Fehler oder Irrt\u00fcmer zu berichtigen, wenn er Kenntnis davon erh\u00e4lt \u2013 danke f\u00fcr diesbez\u00fcgliche Hinweise. Es wird auch keine Gew\u00e4hr f\u00fcr die Verf\u00fcgbarkeit oder den Betrieb der gegenst\u00e4ndlichen Website und ihrer Inhalte \u00fcbernommen. Jede Haftung f\u00fcr unmittelbare, mittelbare oder sonstige Sch\u00e4den, unabh\u00e4ngig von deren Ursachen, die aus der Benutzung oder Nichtverf\u00fcgbarkeit der Website sowie der bereitgestellten Informationen auf dieser Website erwachsen, wird \u2013 soweit rechtlich zul\u00e4ssig \u2013 ausgeschlossen.<\/p>\n\n\n\n<h4 class=\"wp-block-heading\">2. Copyright<\/h4>\n\n\n\n<p>Der Inhalt dieser Website ist urheberrechtlich gesch\u00fctzt. Die Informationen sind nur f\u00fcr die pers\u00f6nliche Verwendung bestimmt. Jede weitergehende Nutzung, insbesondere die Speicherung in Datenbanken, Vervielf\u00e4ltigung und jede Form von gewerblicher Nutzung sowie die Weitergabe an Dritte \u2013 auch in Teilen oder in \u00fcberarbeiteter Form, insbesondere von Fotos, Abbildungen und Texten \u2013 ohne Zustimmung des Betreibers der Website ist untersagt.<\/p>\n\n\n\n<h4 class=\"wp-block-heading\">3. Haftung f\u00fcr Links<\/h4>\n\n\n\n<p>Diese Website kann Links zu externen Websites enthalten, jedoch hat der Betreiber der Website keinen Einfluss auf diese Zielseiten. Deshalb wird f\u00fcr diese fremden Inhalte auch keine Gew\u00e4hr \u00fcbernommen, daf\u00fcr ist stets der jeweilige Anbieter der Seiten verantwortlich.<br><\/p>\n","protected":false},"excerpt":{"rendered":"<p>Betreiber der Website WOMEGLI Verwaltungs GmbHQuellenweg 24501 Neuhofen\/Krems\u00a0Festnetz:\u00a007227 61 2 88\u00a0Mail:\u00a0office@womegli.at Rechtsform:\u00a0GmbHGesch\u00e4ftsf\u00fchrerIn\/InhaberIn:\u00a0Sonja Quereser (GF), Martin Quereser (GF)Unternehmensgr\u00fcndung:\u00a004.05.2018UID-Nummer:\u00a0ATU73359858Firmenbuchnummer:\u00a0FN 491206 mAufsichtsbeh\u00f6rde:\u00a0BH Linz Land Allgemeine Nutzungsbedingungen 1. Haftungsausschluss Obwohl die Seiten mit gr\u00f6\u00dfter Sorgfalt erstellt wurden, kann keine Gew\u00e4hr f\u00fcr die Richtigkeit, Vollst\u00e4ndigkeit und Aktualit\u00e4t der bereitgestellten Informationen \u00fcbernommen werden. Der Betreiber der Website bem\u00fcht sich darum, Fehler [&hellip;]<\/p>\n","protected":false},"author":1,"featured_media":0,"parent":0,"menu_order":0,"comment_status":"closed","ping_status":"closed","template":"","meta":{"footnotes":""},"_links":{"self":[{"href":"https:\/\/www.frauenkompetenz.at\/index.php?rest_route=\/wp\/v2\/pages\/11"}],"collection":[{"href":"https:\/\/www.frauenkompetenz.at\/index.php?rest_route=\/wp\/v2\/pages"}],"about":[{"href":"https:\/\/www.frauenkompetenz.at\/index.php?rest_route=\/wp\/v2\/types\/page"}],"author":[{"embeddable":true,"href":"https:\/\/www.frauenkompetenz.at\/index.php?rest_route=\/wp\/v2\/users\/1"}],"replies":[{"embeddable":true,"href":"https:\/\/www.frauenkompetenz.at\/index.php?rest_route=%2Fwp%2Fv2%2Fcomments&post=11"}],"version-history":[{"count":5,"href":"https:\/\/www.frauenkompetenz.at\/index.php?rest_route=\/wp\/v2\/pages\/11\/revisions"}],"predecessor-version":[{"id":120,"href":"https:\/\/www.frauenkompetenz.at\/index.php?rest_route=\/wp\/v2\/pages\/11\/revisions\/120"}],"wp:attachment":[{"href":"https:\/\/www.frauenkompetenz.at\/index.php?rest_route=%2Fwp%2Fv2%2Fmedia&parent=11"}],"curies":[{"name":"wp","href":"https:\/\/api.w.org\/{rel}","templated":true}]}}